{"id":1460,"date":"2025-06-13T18:32:41","date_gmt":"2025-06-13T16:32:41","guid":{"rendered":"https:\/\/neu.effa-segeln.de\/?page_id=1460"},"modified":"2025-11-14T23:58:05","modified_gmt":"2025-11-14T22:58:05","slug":"stag-jugendfoerderung","status":"publish","type":"page","link":"https:\/\/effa-segeln.de\/?page_id=1460","title":{"rendered":"STAG-Jugendf\u00f6rderung"},"content":{"rendered":"<div class=\"wp-block-image\">\n<figure class=\"aligncenter size-full\"><img data-dominant-color=\"f0dad3\" data-has-transparency=\"false\" style=\"--dominant-color: #f0dad3;\" loading=\"lazy\" decoding=\"async\" width=\"220\" height=\"229\" sizes=\"auto, (max-width: 220px) 100vw, 220px\" src=\"https:\/\/effa-segeln.de\/wp-content\/uploads\/2025\/06\/images.png\" alt=\"\" class=\"wp-image-1462 not-transparent\"\/><\/figure>\n<\/div>\n\n\n<h2 class=\"wp-block-heading\">Segeln f\u00fcr alle m\u00f6glich machen<\/h2>\n\n\n\n<p>Du willst auf der Exodus mitfahren, aber das Geld reicht nicht?<br>Kein Problem! Die Sail Training Association Germany (S.T.A.G.) f\u00f6rdert Jugendliche und junge Erwachsene \u2013 damit wirklich jede*r die Chance hat, beim Sail Training dabei zu sein.<\/p>\n\n\n\n<p>Die Exodus ist Mitglied der <strong><a href=\"https:\/\/www.sta-g.de\/\">S.T.A.G.<\/a> \u2013 Sail Training Association Germany<\/strong>, einem gemeinn\u00fctzigen Verein mit Sitz in Bremerhaven. Ziel der S.T.A.G. ist es, m\u00f6glichst vielen jungen Menschen das Mitsegeln auf traditionellen Segelschiffen zu erm\u00f6glichen \u2013 unabh\u00e4ngig von Herkunft oder finanziellen Mitteln.<\/p>\n\n\n\n<h3 class=\"wp-block-heading\">Was ist Sail Training?<\/h3>\n\n\n\n<p>Auf der Exodus leben wir das sogenannte Sail Training, denn bei uns ist niemand einfach nur &#8222;Passagier&#8220;, sondern Du bist von Anfang an Teil der Crew. Sail Training bedeutet: Du segelst als aktives Crewmitglied mit \u2013 ganz ohne Vorerfahrung! Du lernst den Umgang mit Tauwerk und Segeln, steuerst das Schiff, h\u00e4ltst Wache, hilfst beim Kochen und Putzen \u2013 und bist Teil einer Crew, die gemeinsam ein Ziel erreicht. Das f\u00f6rdert Teamgeist, Selbstvertrauen, Verantwortung und bringt ganz neue Seiten an dir zum Vorschein.<\/p>\n\n\n\n<h3 class=\"wp-block-heading\">Wer wird gef\u00f6rdert?<\/h3>\n\n\n\n<ul class=\"wp-block-list\">\n<li>Jugendliche und junge Erwachsene bis <strong>einschlie\u00dflich 26 Jahre <\/strong>sowie Studierende und Azubis bis <strong>einschlie\u00dflich 30 Jahre (mit Nachweis)<\/strong>, deren monatliches Brutto-Haushaltseinkommen unter 1750 \u20ac pro Kopf liegt<\/li>\n\n\n\n<li>S.T.A.G.-Mitgliedschaft ist Voraussetzung (diese kostet 30\u202f\u20ac\/Jahr)<\/li>\n<\/ul>\n\n\n\n<h3 class=\"wp-block-heading\">Was wird gef\u00f6rdert?<\/h3>\n\n\n\n<p>Die Jugendf\u00f6rderung \u00fcbernimmt gegen eine von dir erbrachte Gegenleistung (s.u.) einen Teil der T\u00f6rnkosten \u2013 abh\u00e4ngig von T\u00f6rndauer und monatlichem Bruttoeinkommen:<\/p>\n\n\n\n<ul class=\"wp-block-list\">\n<li>25\u201336 \u20ac pro T\u00f6rntag<\/li>\n\n\n\n<li>bis zu 15 T\u00f6rntage pro Person und Jahr<\/li>\n\n\n\n<li>Maximal 75% der T\u00f6rnkosten mit einem Eigenanteil von mind. 15 \u20ac pro T\u00f6rntag<\/li>\n<\/ul>\n\n\n\n<h3 class=\"wp-block-heading\">Wie beantrage ich die F\u00f6rderung?<\/h3>\n\n\n\n<p>Wenn du erst auf dem T\u00f6rn von der Jugendf\u00f6rderung erf\u00e4hrst, gibt es auch die M\u00f6glichkeit zur Last-Minute-F\u00f6rderung: Du kannst den Antrag bis zu vier Wochen nach T\u00f6rnende stellen, auch wenn du zuvor noch kein S.T.A.G.-Mitglied warst.<\/p>\n\n\n\n<ol class=\"wp-block-list\">\n<li><strong>Werde Mitglied bei der S.T.A.G.<\/strong><br><a href=\"https:\/\/www.sta-g.de\/wp-content\/uploads\/2024\/03\/Aufnahmeantrag-STAG.pdf\">Mitgliedsantrag (PDF)<\/a><\/li>\n\n\n\n<li><strong>Lade dir den F\u00f6rderantrag herunter<\/strong><br><a href=\"https:\/\/www.sta-g.de\/wp-content\/uploads\/2024\/03\/Foerderantrag-8_2-20230101.pdf\">Jugendf\u00f6rderungs-Antrag (PDF)<\/a><br>Oder <strong>online ausf\u00fcllen<\/strong>: <a href=\"https:\/\/www.sta-g.de\/Formulare\/foerderantrag\/\">\u2192 Webformular<\/a><\/li>\n\n\n\n<li><strong>Reiche die Unterlagen ein<\/strong> \u2013 sp\u00e4testens <strong>4 Wochen nach T\u00f6rnende<\/strong>:\n<ul class=\"wp-block-list\">\n<li>F\u00f6rderantrag<\/li>\n\n\n\n<li>Buchungsbest\u00e4tigung oder Rechnung vom T\u00f6rn<\/li>\n\n\n\n<li>(ggf. Ausbildungs-\/Studiennachweis)<\/li>\n\n\n\n<li>Mitgliedsantrag (wenn noch kein STAG-Mitglied)<br><\/li>\n\n\n\n<li>Unterlagen online abschicken oder per Post an:<br>Sail Training Association Germany e.V.<br>Am Leuchtturm 10, 27568 Bremerhaven<\/li>\n\n\n\n<li>Achtung: Keine E-Mail-Antr\u00e4ge erlaubt (Datenschutz)!<\/li>\n<\/ul>\n<\/li>\n<\/ol>\n\n\n\n<h3 class=\"wp-block-heading\">Nach dem T\u00f6rn \u2013 Gegenleistung &amp; Auszahlung<\/h3>\n\n\n\n<p>Damit du die F\u00f6rderung ausgezahlt bekommst, musst du innerhalb von <strong>3 Monaten<\/strong> nach T\u00f6rnende:<\/p>\n\n\n\n<ul class=\"wp-block-list\">\n<li>deine <strong>T\u00f6rnteilnahme nachweisen<\/strong> (z.\u202fB. T\u00f6rneintrag im S.T.A.G.-Mitgliedsausweis, Eintrag in deinem Meilenbuch, Bescheinigung vom Veranstalter)<\/li>\n\n\n\n<li>eine <strong>Gegenleistung erbringen<\/strong>:\n<ul class=\"wp-block-list\">\n<li>Erfahrungsbericht f\u00fcr Schul-\/Lokalzeitung, S.T.A.G.-Homepage, S.T.A.G.-Newsletter schreiben oder Social-Media-Beitrag gestalten<\/li>\n\n\n\n<li>Ein Video vom T\u00f6rn schneiden<\/li>\n\n\n\n<li>Kreatives Projekt auf dem oder \u00fcber den T\u00f6rn gestalten<\/li>\n\n\n\n<li>Mithilfe im Winterlager<\/li>\n\n\n\n<li>Engagement bei der S.T.A.G.<\/li>\n\n\n\n<li>Vortrag \u00fcber den T\u00f6rn an deiner Schule, in deinem Verein, etc.<\/li>\n\n\n\n<li>oder eine eigene Idee \u2013 sprich uns an!<\/li>\n<\/ul>\n<\/li>\n<\/ul>\n\n\n\n<p>Bitte erw\u00e4hne in deiner Gegenleistung, dass du von der S.T.A.G. gef\u00f6rdert wurdest \u2013 so hilfst du anderen, auch davon zu erfahren!<\/p>\n\n\n\n<p>Der S.T.A.G.-F\u00f6rderausschuss tagt viertelj\u00e4hrlich. Nach der Pr\u00fcfung deines Antrags im F\u00f6rderausschuss bekommst du einen Brief mit deiner F\u00f6rderzusage oder einer Ablehnung. In H\u00e4rtef\u00e4llen ist auch eine Vorauszahlung m\u00f6glich \u2013 einfach vorher per Mail bei der S.T.A.G. (foerderung@sta-g.de) anfragen.<\/p>\n\n\n\n<h3 class=\"wp-block-heading\">Noch Fragen?<\/h3>\n\n\n\n<p>Besuche die Homepage der S.T.A.G.: <a class=\"\" href=\"https:\/\/www.sta-g.de\">www.sta-g.de<\/a><\/p>\n\n\n\n<p>Oder sprich uns auf der <em>Exodus<\/em> oder unter info@effa-segeln.de an \u2013 wir helfen dir gern bei deinem F\u00f6rderantrag!<\/p>\n","protected":false},"excerpt":{"rendered":"<p>Segeln f\u00fcr alle m\u00f6glich machen Du willst auf der Exodus mitfahren, aber das Geld reicht nicht?Kein Problem! Die Sail Training Association Germany (S.T.A.G.) f\u00f6rdert Jugendliche und junge Erwachsene \u2013 damit wirklich jede*r die Chance hat, beim Sail Training dabei zu sein. Die Exodus ist Mitglied der S.T.A.G. \u2013 Sail Training Association Germany, einem gemeinn\u00fctzigen Verein [&hellip;]<\/p>\n","protected":false},"author":8,"featured_media":0,"parent":0,"menu_order":0,"comment_status":"closed","ping_status":"closed","template":"","meta":{"ngg_post_thumbnail":0,"footnotes":""},"class_list":["post-1460","page","type-page","status-publish","hentry"],"_links":{"self":[{"href":"https:\/\/effa-segeln.de\/index.php?rest_route=\/wp\/v2\/pages\/1460","targetHints":{"allow":["GET"]}}],"collection":[{"href":"https:\/\/effa-segeln.de\/index.php?rest_route=\/wp\/v2\/pages"}],"about":[{"href":"https:\/\/effa-segeln.de\/index.php?rest_route=\/wp\/v2\/types\/page"}],"author":[{"embeddable":true,"href":"https:\/\/effa-segeln.de\/index.php?rest_route=\/wp\/v2\/users\/8"}],"replies":[{"embeddable":true,"href":"https:\/\/effa-segeln.de\/index.php?rest_route=%2Fwp%2Fv2%2Fcomments&post=1460"}],"version-history":[{"count":5,"href":"https:\/\/effa-segeln.de\/index.php?rest_route=\/wp\/v2\/pages\/1460\/revisions"}],"predecessor-version":[{"id":1586,"href":"https:\/\/effa-segeln.de\/index.php?rest_route=\/wp\/v2\/pages\/1460\/revisions\/1586"}],"wp:attachment":[{"href":"https:\/\/effa-segeln.de\/index.php?rest_route=%2Fwp%2Fv2%2Fmedia&parent=1460"}],"curies":[{"name":"wp","href":"https:\/\/api.w.org\/{rel}","templated":true}]}}