{"id":1560,"date":"2025-11-14T23:51:53","date_gmt":"2025-11-14T22:51:53","guid":{"rendered":"https:\/\/effa-segeln.de\/?page_id=1560"},"modified":"2026-03-13T13:15:12","modified_gmt":"2026-03-13T12:15:12","slug":"ostertoerns-2026","status":"publish","type":"page","link":"https:\/\/effa-segeln.de\/?page_id=1560","title":{"rendered":"Ostert\u00f6rns 2026"},"content":{"rendered":"\n<p><strong>Kleve &#8211; Ijsselmeer \u2013 Waddenzee<\/strong><\/p>\n\n\n\n<p>In den Osterferien in NRW:<\/p>\n\n\n\n<p><strong>EXODUS Ostert\u00f6rn I<\/strong> \u2013 1. Ferienwoche: 28.03.-04.04.2026 <strong>ausgebucht!<\/strong><br>Johanna von Quistorp, Christoffer Wanders, Mia Lamers<\/p>\n\n\n\n<p><strong>EXODUS Ostert\u00f6rn II<\/strong> \u2013 2. Ferienwoche: 04.-11.04.2026 <br>Sandra Brugger, Carolin Molderings, Mattis Senger<\/p>\n\n\n<div class=\"wp-block-image\">\n<figure class=\"aligncenter size-large\"><img loading=\"lazy\" decoding=\"async\" width=\"1440\" height=\"1080\" sizes=\"auto, (max-width: 1440px) 100vw, 1440px\" src=\"https:\/\/effa-segeln.de\/wp-content\/uploads\/2024\/11\/Studentenbild-MAY-1440x1080.jpg\" alt=\"\" class=\"wp-image-1067\" srcset=\"https:\/\/effa-segeln.de\/wp-content\/uploads\/2024\/11\/Studentenbild-MAY-1440x1080.jpg 1440w, https:\/\/effa-segeln.de\/wp-content\/uploads\/2024\/11\/Studentenbild-MAY-300x225.jpg 300w, https:\/\/effa-segeln.de\/wp-content\/uploads\/2024\/11\/Studentenbild-MAY-768x576.jpg 768w, https:\/\/effa-segeln.de\/wp-content\/uploads\/2024\/11\/Studentenbild-MAY-1536x1152.jpg 1536w, https:\/\/effa-segeln.de\/wp-content\/uploads\/2024\/11\/Studentenbild-MAY-2048x1536.jpg 2048w, https:\/\/effa-segeln.de\/wp-content\/uploads\/2024\/11\/Studentenbild-MAY-1200x900.jpg 1200w, https:\/\/effa-segeln.de\/wp-content\/uploads\/2024\/11\/Studentenbild-MAY-1980x1485.jpg 1980w\" \/><figcaption class=\"wp-element-caption\">Ostert\u00f6rn in den Niederlanden<\/figcaption><\/figure>\n<\/div>\n\n\n<p>Die Exodus sticht wieder in See und ihr seid eingeladen zum Campingurlaub auf dem Wasser. Der erste T\u00f6rn des Jahres startet im Heimathafen Kleve oder Emmerich und f\u00fchrt uns vom Rhein auf die IJssel. Durch Kan\u00e4le und mit gelegten Masten unter Br\u00fccken drunter her geht es weiter Richtung Norden, bis wir bei Kampen das Ketelmeer erreichen. Von dort aus ist es nicht mehr weit bis zum IJsselmeer, wo uns mittelalterliche Hafenst\u00e4dtchen oder ein Abstecher ins naturbelassene Markermeer erwarten. Je nach Wetter besuchen wir auch die westfriesischen Inseln. Vielleicht ergibt sich sogar der erste Sprung ins k\u00fchle Wasser, ein echtes Highlight zum Saisonstart.<\/p>\n\n\n\n<p>Der zweite Ostert\u00f6rn wird dann am Karsamstag das Schiff am IJsselmeer \u00fcbernehmen und direkt aufbrechen, um die vielen faszinierenden Ecken dieser besonderen Wasserwelt zu erkunden. Je nach Wind, Wetter und gemeinsamer Entscheidung der Gruppe erwarten uns auch l\u00e4ngere Segeltage oder sogar eine Nachtfahrt. Auch an Land warten kleine Abenteuer auf uns, sei es bei einer Wanderung durch die Natur oder bei spannenden Ausfl\u00fcgen in Museen. Das Ende des Ostert\u00f6rn 2 ist dann in Stavoren geplant, von dort aus treten wir gemeinsam im Auto die R\u00fcckreise an den Niederrhein an.<\/p>\n\n\n\n<p>Alle unsere Reisen beinhalten im T\u00f6rnpreis die An- und Abreise von Emmerich bzw. Kleve zum Schiff und wieder zur\u00fcck mit dem PKW an den Niederrhein sowie alle Mahlzeiten.<\/p>\n\n\n\n<p>Die 9,60m lange Exodus ist auf See eine kleine Welt f\u00fcr sich. \u00c4hnlich wie in einem Wohnmobil lebt die zehnk\u00f6pfige Crew auf engstem Raum zusammen und segelt von Ort zu Ort. Unter Deck ist nur die Toilette von der Kaj\u00fcte abgetrennt, ansonsten leben, schlafen und kochen wir in einem Raum. Duschen und Waschr\u00e4ume gibt es in den H\u00e4fen, in denen wir anlegen. An Land ist Gelegenheit bei einer Wanderung oder Fahrradtour um die Hafenst\u00e4dte und Inseln zu erkunden, die die Gruppe als Ziel ausw\u00e4hlt.<\/p>\n\n\n\n<p>Begleitet wird jede Reise von zwei erfahrenen, ehrenamtlichen Leitungspersonen, die die acht Mitseglerinnen und Mitsegler ab 12 Jahren anleiten und unterst\u00fctzen. Segelkenntnisse sind nicht erforderlich \u2013 jede und jeder kann mitmachen, ob beim Steuern, Segel setzen, Navigieren, Kochen oder beim \u201eKlar Schiff machen\u201c. Auch die Tagesplanung wird gemeinsam entschieden. Du solltest Lust auf Abenteuer und Freude an neuen Kontakten mitbringen sowie dich nicht davor scheuen, auch mal eine Woche ohne Privatsph\u00e4re und Handy zu verbringen. Spoiler: Es lohnt sich! Dich erwarten neue Freundschaften, lustige und spannende Erlebnisse mit der Gruppe und Segelabenteuer pur. Abends in einer Hafenstadt oder vor Anker flackert in der Kaj\u00fcte gem\u00fctlich der Ofen, es ist Zeit f\u00fcr Gespr\u00e4che \u00fcber Gott und die Welt und beim Spieleabend klingt der Tag entspannt aus.<\/p>\n\n\n\n<p><a><\/a>Ob du Segeln lernen, das Meer entdecken oder einfach eine besondere Woche mit Gleichgesinnten erleben willst, auf der Exodus bist du genau richtig. Wir freuen uns auf dich und eine unvergessliche Zeit voller Wind, Wellen und Gemeinschaft!<\/p>\n\n\n\n<p><strong>Teilnehmenden Beitrag: <\/strong>309,- Euro<br><strong>Teilnehmende:<\/strong> 8 Jugendliche (ab 12 Jahren)<br><strong>Anmeldebeginn: <\/strong>01.12.2025 &#8211; 0 Uhr<\/p>\n\n\n\n<div class=\"wp-block-columns is-layout-flex wp-container-core-columns-is-layout-9d6595d7 wp-block-columns-is-layout-flex\">\n<div class=\"wp-block-column is-layout-flow wp-block-column-is-layout-flow\">\n<div class=\"wp-block-buttons is-content-justification-space-between is-layout-flex wp-container-core-buttons-is-layout-3d213aab wp-block-buttons-is-layout-flex\">\n<div class=\"wp-block-button\"><a class=\"wp-block-button__link has-background wp-element-button\" href=\"https:\/\/effa-segeln.de\/?page_id=1460\" style=\"background-color:#1a206d\">T\u00d6RNS zu teuer?<\/a><\/div>\n\n\n\n<div class=\"wp-block-button\"><a class=\"wp-block-button__link wp-element-button\" href=\"https:\/\/effa-segeln.de\/?page_id=544#Anmeldung\" target=\"_blank\" rel=\"noreferrer noopener\">Anmeldung!<\/a><\/div>\n<\/div>\n<\/div>\n<\/div>\n\n\n\n<p><strong>Veranstalterin:<\/strong> Evangelische Jugend Kleve; Lindenallee 42; 47533 Kleve; Tel. 0 28 21 \/ 23 310<\/p>\n\n\n\n<p><\/p>\n\n\n\n<div class=\"wp-block-group\"><div class=\"wp-block-group__inner-container is-layout-constrained wp-block-group-is-layout-constrained\">\n<figure class=\"wp-block-gallery has-nested-images columns-default is-cropped wp-block-gallery-1 is-layout-flex wp-block-gallery-is-layout-flex\">\n<figure class=\"wp-block-image size-large\"><img loading=\"lazy\" decoding=\"async\" width=\"1000\" height=\"750\" data-id=\"441\" src=\"https:\/\/effa-segeln.de\/wp-content\/uploads\/2023\/03\/Wikingerschach-auf-Anholt.jpg\" alt=\"\" class=\"wp-image-441\" srcset=\"https:\/\/effa-segeln.de\/wp-content\/uploads\/2023\/03\/Wikingerschach-auf-Anholt.jpg 1000w, https:\/\/effa-segeln.de\/wp-content\/uploads\/2023\/03\/Wikingerschach-auf-Anholt-300x225.jpg 300w, https:\/\/effa-segeln.de\/wp-content\/uploads\/2023\/03\/Wikingerschach-auf-Anholt-768x576.jpg 768w\" sizes=\"auto, (max-width: 1000px) 100vw, 1000px\" \/><\/figure>\n\n\n\n<figure class=\"wp-block-image size-large\"><img loading=\"lazy\" decoding=\"async\" width=\"1024\" height=\"768\" data-id=\"479\" src=\"https:\/\/effa-segeln.de\/wp-content\/uploads\/2023\/07\/threema-20230728-183237820.jpg\" alt=\"Bilder der trockengefallenen Exodus mit einigen Crew-Mitgliedern im Vordergrund\" class=\"wp-image-479\" srcset=\"https:\/\/effa-segeln.de\/wp-content\/uploads\/2023\/07\/threema-20230728-183237820.jpg 1024w, https:\/\/effa-segeln.de\/wp-content\/uploads\/2023\/07\/threema-20230728-183237820-300x225.jpg 300w, https:\/\/effa-segeln.de\/wp-content\/uploads\/2023\/07\/threema-20230728-183237820-768x576.jpg 768w\" sizes=\"auto, (max-width: 1024px) 100vw, 1024px\" \/><\/figure>\n\n\n\n<figure class=\"wp-block-image size-large\"><img loading=\"lazy\" decoding=\"async\" width=\"773\" height=\"515\" data-id=\"282\" src=\"https:\/\/effa-segeln.de\/wp-content\/uploads\/2022\/09\/DSC06089-edited.jpg\" alt=\"Bild der Exodus unter Segeln\" class=\"wp-image-282\" srcset=\"https:\/\/effa-segeln.de\/wp-content\/uploads\/2022\/09\/DSC06089-edited.jpg 773w, https:\/\/effa-segeln.de\/wp-content\/uploads\/2022\/09\/DSC06089-edited-300x200.jpg 300w, https:\/\/effa-segeln.de\/wp-content\/uploads\/2022\/09\/DSC06089-edited-768x512.jpg 768w\" sizes=\"auto, (max-width: 773px) 100vw, 773px\" \/><\/figure>\n\n\n\n<figure class=\"wp-block-image size-large\"><img loading=\"lazy\" decoding=\"async\" width=\"683\" height=\"1024\" data-id=\"171\" src=\"https:\/\/effa-segeln.de\/wp-content\/uploads\/2021\/12\/DSC07816-rotated.jpg\" alt=\"\" class=\"wp-image-171\" srcset=\"https:\/\/effa-segeln.de\/wp-content\/uploads\/2021\/12\/DSC07816-rotated.jpg 683w, https:\/\/effa-segeln.de\/wp-content\/uploads\/2021\/12\/DSC07816-200x300.jpg 200w\" sizes=\"auto, (max-width: 683px) 100vw, 683px\" \/><\/figure>\n\n\n\n<figure class=\"wp-block-image size-large\"><img loading=\"lazy\" decoding=\"async\" width=\"1024\" height=\"576\" data-id=\"168\" src=\"https:\/\/effa-segeln.de\/wp-content\/uploads\/2021\/12\/20210911_155105.jpg\" alt=\"\" class=\"wp-image-168\" srcset=\"https:\/\/effa-segeln.de\/wp-content\/uploads\/2021\/12\/20210911_155105.jpg 1024w, https:\/\/effa-segeln.de\/wp-content\/uploads\/2021\/12\/20210911_155105-300x169.jpg 300w, https:\/\/effa-segeln.de\/wp-content\/uploads\/2021\/12\/20210911_155105-768x432.jpg 768w\" sizes=\"auto, (max-width: 1024px) 100vw, 1024px\" \/><\/figure>\n\n\n\n<figure class=\"wp-block-image size-large\"><img loading=\"lazy\" decoding=\"async\" width=\"1024\" height=\"576\" data-id=\"167\" src=\"https:\/\/effa-segeln.de\/wp-content\/uploads\/2021\/12\/20210717_133324.jpg\" alt=\"\" class=\"wp-image-167\" srcset=\"https:\/\/effa-segeln.de\/wp-content\/uploads\/2021\/12\/20210717_133324.jpg 1024w, https:\/\/effa-segeln.de\/wp-content\/uploads\/2021\/12\/20210717_133324-300x169.jpg 300w, https:\/\/effa-segeln.de\/wp-content\/uploads\/2021\/12\/20210717_133324-768x432.jpg 768w\" sizes=\"auto, (max-width: 1024px) 100vw, 1024px\" \/><\/figure>\n\n\n\n<figure class=\"wp-block-image size-large\"><img loading=\"lazy\" decoding=\"async\" width=\"1024\" height=\"768\" data-id=\"131\" src=\"https:\/\/effa-segeln.de\/wp-content\/uploads\/2021\/12\/IMG_20170810_205240.jpg\" alt=\"\" class=\"wp-image-131\" srcset=\"https:\/\/effa-segeln.de\/wp-content\/uploads\/2021\/12\/IMG_20170810_205240.jpg 1024w, https:\/\/effa-segeln.de\/wp-content\/uploads\/2021\/12\/IMG_20170810_205240-300x225.jpg 300w, https:\/\/effa-segeln.de\/wp-content\/uploads\/2021\/12\/IMG_20170810_205240-768x576.jpg 768w\" sizes=\"auto, (max-width: 1024px) 100vw, 1024px\" \/><\/figure>\n\n\n\n<figure class=\"wp-block-image size-large\"><img loading=\"lazy\" decoding=\"async\" width=\"1024\" height=\"768\" data-id=\"130\" src=\"https:\/\/effa-segeln.de\/wp-content\/uploads\/2021\/12\/IMG_20150502_203329.jpg\" alt=\"\" class=\"wp-image-130\" srcset=\"https:\/\/effa-segeln.de\/wp-content\/uploads\/2021\/12\/IMG_20150502_203329.jpg 1024w, https:\/\/effa-segeln.de\/wp-content\/uploads\/2021\/12\/IMG_20150502_203329-300x225.jpg 300w, https:\/\/effa-segeln.de\/wp-content\/uploads\/2021\/12\/IMG_20150502_203329-768x576.jpg 768w\" sizes=\"auto, (max-width: 1024px) 100vw, 1024px\" \/><\/figure>\n<\/figure>\n<\/div><\/div>\n","protected":false},"excerpt":{"rendered":"<p>Kleve &#8211; Ijsselmeer \u2013 Waddenzee In den Osterferien in NRW: EXODUS Ostert\u00f6rn I \u2013 1. Ferienwoche: 28.03.-04.04.2026 ausgebucht!Johanna von Quistorp, Christoffer Wanders, Mia Lamers EXODUS Ostert\u00f6rn II \u2013 2. Ferienwoche: 04.-11.04.2026 Sandra Brugger, Carolin Molderings, Mattis Senger Die Exodus sticht wieder in See und ihr seid eingeladen zum Campingurlaub auf dem Wasser. Der erste T\u00f6rn [&hellip;]<\/p>\n","protected":false},"author":4,"featured_media":0,"parent":0,"menu_order":0,"comment_status":"closed","ping_status":"closed","template":"templates\/template-full-width.php","meta":{"ngg_post_thumbnail":0,"footnotes":""},"class_list":["post-1560","page","type-page","status-publish","hentry"],"_links":{"self":[{"href":"https:\/\/effa-segeln.de\/index.php?rest_route=\/wp\/v2\/pages\/1560","targetHints":{"allow":["GET"]}}],"collection":[{"href":"https:\/\/effa-segeln.de\/index.php?rest_route=\/wp\/v2\/pages"}],"about":[{"href":"https:\/\/effa-segeln.de\/index.php?rest_route=\/wp\/v2\/types\/page"}],"author":[{"embeddable":true,"href":"https:\/\/effa-segeln.de\/index.php?rest_route=\/wp\/v2\/users\/4"}],"replies":[{"embeddable":true,"href":"https:\/\/effa-segeln.de\/index.php?rest_route=%2Fwp%2Fv2%2Fcomments&post=1560"}],"version-history":[{"count":8,"href":"https:\/\/effa-segeln.de\/index.php?rest_route=\/wp\/v2\/pages\/1560\/revisions"}],"predecessor-version":[{"id":1723,"href":"https:\/\/effa-segeln.de\/index.php?rest_route=\/wp\/v2\/pages\/1560\/revisions\/1723"}],"wp:attachment":[{"href":"https:\/\/effa-segeln.de\/index.php?rest_route=%2Fwp%2Fv2%2Fmedia&parent=1560"}],"curies":[{"name":"wp","href":"https:\/\/api.w.org\/{rel}","templated":true}]}}