{"id":26,"date":"2021-12-19T15:31:02","date_gmt":"2021-12-19T14:31:02","guid":{"rendered":"https:\/\/neu.effa-segeln.de\/?page_id=26"},"modified":"2025-03-30T14:08:27","modified_gmt":"2025-03-30T12:08:27","slug":"unterstuetz-uns","status":"publish","type":"page","link":"https:\/\/effa-segeln.de\/?page_id=26","title":{"rendered":"Freundeskreis"},"content":{"rendered":"\n<p class=\"has-accent-color has-text-color has-link-color has-large-font-size wp-elements-50e45203d734e20c51f76f57dc41b91f\" style=\"font-style:italic;font-weight:400\">Unterst\u00fctz uns &#8211; Gemeinsam stark f\u00fcr unser Segelprojekt<\/p>\n\n\n\n<h2 class=\"wp-block-heading\">Warum ein Freundeskreis?<\/h2>\n\n\n\n<p>In den vergangenen 40 Jahren hat die <em>Exodus<\/em> vielen hundert Jugendlichen abenteuerreiche Ferien in einer Gruppe Gleichaltriger beschert. Viele dieser Jugendlichen sind nun erwachsen, bleiben aber gerne in Kontakt mit uns.<\/p>\n\n\n\n<p>Unser Jugendsegelprojekt <em>Exodus<\/em> lebt von Gemeinschaft, Leidenschaft und der Unterst\u00fctzung engagierter Menschen. Der <em>Freundeskreis Exodus<\/em> bietet allen Freund:innen, F\u00f6rdermitgliedern, ehemaligen Mitsegler:innen und Eltern die M\u00f6glichkeit, das Projekt finanziell und ideell zu unterst\u00fctzen. Mit eurer Hilfe k\u00f6nnen wir die <em>Exodus<\/em> instand halten, Jugendarbeit auf dem Wasser erm\u00f6glichen und unvergessliche Segelerlebnisse schaffen.<\/p>\n\n\n\n<h2 class=\"wp-block-heading\">So kannst du helfen<\/h2>\n\n\n\n<p><strong>Als Mitglied des Freundeskreises kannst du auf verschiedene Weise unterst\u00fctzen:<\/strong><\/p>\n\n\n\n<ul class=\"wp-block-list\">\n<li><strong>Regelm\u00e4\u00dfige Spenden<\/strong>: Schon ein kleiner monatlicher Beitrag hilft, die laufenden Kosten des Schiffs und der Fahrten zu decken.<\/li>\n\n\n\n<li><strong>Einmalige Spenden<\/strong>: Ob als Geschenk, anlassbezogen oder einfach so \u2013 jede Spende z\u00e4hlt.<\/li>\n\n\n\n<li><strong>Sachspenden<\/strong>: Material, Ausr\u00fcstung oder Werkzeuge f\u00fcr unser Winterlager sind immer willkommen.<\/li>\n\n\n\n<li><strong>Aktive Mitarbeit<\/strong>: Wer handwerklich begabt ist oder sich organisatorisch einbringen m\u00f6chte, kann uns bei der Pflege der <em>Exodus<\/em> oder bei Veranstaltungen unterst\u00fctzen.<\/li>\n<\/ul>\n\n\n\n<h2 class=\"wp-block-heading\">Vorteile f\u00fcr Mitglieder<\/h2>\n\n\n\n<p>Mitglieder des Freundeskreises erhalten:<\/p>\n\n\n\n<ul class=\"wp-block-list\">\n<li>Regelm\u00e4\u00dfige Updates \u00fcber das Projekt<\/li>\n\n\n\n<li>Einladung zu besonderen Events, wie dem &#8222;Tag der offenen Luke&#8220;<\/li>\n\n\n\n<li>Einblicke in den Winterlager-Alltag<\/li>\n\n\n\n<li>Die M\u00f6glichkeit, Teil einer engagierten Gemeinschaft zu sein<\/li>\n\n\n\n<li>Informationen \u00fcber aktuelle Aktivit\u00e4ten per E-Mail oder Social Media<\/li>\n<\/ul>\n\n\n\n<h2 class=\"wp-block-heading\">Jetzt beitreten!<\/h2>\n\n\n\n<p>Werde Teil des Freundeskreises <em>Exodus<\/em> und hilf mit, das Segelabenteuer f\u00fcr junge Menschen zu erhalten!<\/p>\n\n\n\n<p class=\"has-primary-color has-text-color has-link-color wp-elements-cdb9caa9141a36ae500023aed72904b5\">\u27a1 Jetzt Anmeldung ausf\u00fcllen oder mehr erfahren unter: <a href=\"info@effa-segeln.de\">Kontakt<\/a><\/p>\n\n\n\n<div data-wp-interactive=\"core\/file\" class=\"wp-block-file\"><object data-wp-bind--hidden=\"!state.hasPdfPreview\" hidden class=\"wp-block-file__embed\" data=\"https:\/\/effa-segeln.de\/wp-content\/uploads\/2025\/03\/Anmeldung-Freundeskreis-1.pdf\" type=\"application\/pdf\" style=\"width:100%;height:600px\" aria-label=\"Einbettung von Anmeldung Freundeskreis.\"><\/object><a id=\"wp-block-file--media-2e546dba-76c5-4305-aaff-bb0999038dfe\" href=\"https:\/\/effa-segeln.de\/wp-content\/uploads\/2025\/03\/Anmeldung-Freundeskreis-1.pdf\">Anmeldung Freundeskreis<\/a><a href=\"https:\/\/effa-segeln.de\/wp-content\/uploads\/2025\/03\/Anmeldung-Freundeskreis-1.pdf\" class=\"wp-block-file__button wp-element-button\" download aria-describedby=\"wp-block-file--media-2e546dba-76c5-4305-aaff-bb0999038dfe\">Herunterladen<\/a><\/div>\n\n\n\n<h5 class=\"wp-block-heading\">Spenden<\/h5>\n\n\n\n<p>Spenden erm\u00f6glichen es uns die Exodus und ihre Ausr\u00fcstung aber auch unser sonstiges Material welches wir f\u00fcr die Jugendfreizeiten brauchen auf einem aktuellen Stand zu halten:<\/p>\n\n\n\n<p><strong>Spendenkonto:<\/strong><br>EV. Kirchengemeinde Kleve<br>DE98 3245 0000 0000 1041 25<br>Im Verwendungszweck bitte unbedingt: &#8222;Jugendarbeit Segeln&#8220; und <strong>nicht<\/strong> &#8222;Exodus&#8220; angeben.<\/p>\n\n\n\n<p><\/p>\n","protected":false},"excerpt":{"rendered":"<p>Unterst\u00fctz uns &#8211; Gemeinsam stark f\u00fcr unser Segelprojekt Warum ein Freundeskreis? In den vergangenen 40 Jahren hat die Exodus vielen hundert Jugendlichen abenteuerreiche Ferien in einer Gruppe Gleichaltriger beschert. Viele dieser Jugendlichen sind nun erwachsen, bleiben aber gerne in Kontakt mit uns. Unser Jugendsegelprojekt Exodus lebt von Gemeinschaft, Leidenschaft und der Unterst\u00fctzung engagierter Menschen. Der [&hellip;]<\/p>\n","protected":false},"author":8,"featured_media":1113,"parent":0,"menu_order":50,"comment_status":"closed","ping_status":"closed","template":"","meta":{"ngg_post_thumbnail":0,"footnotes":""},"class_list":["post-26","page","type-page","status-publish","has-post-thumbnail","hentry"],"_links":{"self":[{"href":"https:\/\/effa-segeln.de\/index.php?rest_route=\/wp\/v2\/pages\/26","targetHints":{"allow":["GET"]}}],"collection":[{"href":"https:\/\/effa-segeln.de\/index.php?rest_route=\/wp\/v2\/pages"}],"about":[{"href":"https:\/\/effa-segeln.de\/index.php?rest_route=\/wp\/v2\/types\/page"}],"author":[{"embeddable":true,"href":"https:\/\/effa-segeln.de\/index.php?rest_route=\/wp\/v2\/users\/8"}],"replies":[{"embeddable":true,"href":"https:\/\/effa-segeln.de\/index.php?rest_route=%2Fwp%2Fv2%2Fcomments&post=26"}],"version-history":[{"count":16,"href":"https:\/\/effa-segeln.de\/index.php?rest_route=\/wp\/v2\/pages\/26\/revisions"}],"predecessor-version":[{"id":1380,"href":"https:\/\/effa-segeln.de\/index.php?rest_route=\/wp\/v2\/pages\/26\/revisions\/1380"}],"wp:featuredmedia":[{"embeddable":true,"href":"https:\/\/effa-segeln.de\/index.php?rest_route=\/wp\/v2\/media\/1113"}],"wp:attachment":[{"href":"https:\/\/effa-segeln.de\/index.php?rest_route=%2Fwp%2Fv2%2Fmedia&parent=26"}],"curies":[{"name":"wp","href":"https:\/\/api.w.org\/{rel}","templated":true}]}}