{"id":261,"date":"2022-09-11T19:19:14","date_gmt":"2022-09-11T17:19:14","guid":{"rendered":"https:\/\/neu.effa-segeln.de\/?page_id=261"},"modified":"2025-09-01T20:12:53","modified_gmt":"2025-09-01T18:12:53","slug":"packliste-exodus-freizeit","status":"publish","type":"page","link":"https:\/\/effa-segeln.de\/?page_id=261","title":{"rendered":"Packliste Exodus Freizeit"},"content":{"rendered":"\n<h4 class=\"wp-block-heading alignwide\">Hier bekommst du einen \u00dcberblick, was du auf die Exodus mitnehmen solltest. Du bekommst weitere Infos von deinem Skipper \/ deiner Skipperin vor der Freizeit.<\/h4>\n\n\n\n<p><\/p>\n\n\n\n<p><strong>Maximal vier Gep\u00e4ckst\u00fccke mitbringen<\/strong> &#8211; Der Stauraum an Bord ist sehr begrenzt:<\/p>\n\n\n\n<ol class=\"wp-block-list\">\n<li>Weiche Tasche\/ Seesack (max. 35x40x70cm) ohne Rollen\/ Gestell und ohne harten Boden. Bitte wirklich keine Koffer, auch keine kleinen, wir kriegen sie nirgends verstaut.<\/li>\n\n\n\n<li>Kleiner Rucksack oder verschlie\u00dfbarer Beutel f\u00fcr den Tagesbedarf (Dieser liegt auch nachts in deiner Koje also die Betonung liegt hier auf \u201eklein\u201c!).<\/li>\n\n\n\n<li>Die Regenbekleidung (\u00d6lzeug) und die Schuhe k\u00f6nnen in eine stabile T\u00fcte\/Stofftasche gepackt werden.<br>(Regenjacke &amp; -hose, sowie Gummistiefel und Bordschuhe mit glatter Sohle. Die Sohlen m\u00fcssen vollst\u00e4ndig sand- und steinfrei sein wegen unserer Lackfl\u00e4chen!) Das \u00d6lzeug sollte schon einen Duschgang aushalten, ohne dass ihr nass werdet.<\/li>\n\n\n\n<li>Schlafsack (+ 5-7\u00b0 C Auslegungstemperatur) + evtl. 1 zus. Decke &amp; Kopfkissen im Beutel<\/li>\n<\/ol>\n\n\n\n<p>Bitte stabile Taschen\/T\u00fcten\/Stoffbeutel zum Verpacken von \u00d6lzeug und Schlafsack verwenden.<\/p>\n\n\n\n<p><strong>Das N\u00f6tigste im Gep\u00e4ck:<\/strong><\/p>\n\n\n\n<p>\u25cf Warme Kleidung (auch im Sommer kann es abends auf dem Wasser k\u00fchl werden).<\/p>\n\n\n\n<p>\u25cf Pullover\/Sweatshirts, Hosen, warme Socken, M\u00fctze, Handschuhe<\/p>\n\n\n\n<p>\u25cf Unterw\u00e4sche, Str\u00fcmpfe<\/p>\n\n\n\n<p>\u25cf Handtuch, Taschent\u00fccher<\/p>\n\n\n\n<p>\u25cf Schlafanzug<\/p>\n\n\n\n<p>\u25cf Kulturbeutel (Zahnb\u00fcrste, Shampoo, B\u00fcrste, etc.), Pflegestift f\u00fcr die Lippen, Pflegecreme<\/p>\n\n\n\n<p>\u25cf Badebekleidung, evtl. Badeschuhe<\/p>\n\n\n\n<p>\u25cf (normale) Stra\u00dfenschuhe f\u00fcr den Landgang<\/p>\n\n\n\n<p>\u25cf Mehrere W\u00e4schebeutel halten etwas Ordnung im Seesack<\/p>\n\n\n\n<p>\u25cf Sonnenbrille mit UV-Schutz und die normale Brille falls ben\u00f6tigt (mit Brillenband)<\/p>\n\n\n\n<p>\u25cf Pass\/Personalausweis<\/p>\n\n\n\n<p>\u25cf Krankenversichertenkarte<\/p>\n\n\n\n<p>\u25cf Impfpass (Kopie ist ausreichend)<\/p>\n\n\n\n<p>\u25cf Pers\u00f6nliche Arzneimittel, falls erforderlich<\/p>\n\n\n\n<p>\u25cf Die unterschriebenen Freizeitzettel<\/p>\n\n\n\n<p>\u25cf Taschengeld (~ 25,-\u20ac\/Wo.)<br>Bei besonderen Events (Fahrradtour etc.) sind evtl. 5-10 \u20ac Eigenbeteiligung n\u00f6tig.<\/p>\n\n\n\n<p>\u25cf Einige 50-Cent\/ 1,-\u20ac-M\u00fcnzen f\u00fcr den Duschautomaten im Hafen sind hilfreich<\/p>\n\n\n\n<p>\u25cf Schreibzeug und Adressen (f\u00fcr Postkarten)<\/p>\n\n\n\n<p>\u25cf Evtl. kleine Taschenlampe\/Taschenmesser\/Buch\/Kamera<\/p>\n\n\n\n<ul class=\"wp-block-list\">\n<li>Elektronik wie z.B. Handy oder Tablet k\u00f6nnen an Bord nicht geladen werden. Nehmt deswegen bitte eine Powerbank mit. Ansonsten k\u00f6nnen die Ger\u00e4te aber auch im Duschhaus auf eigene Gefahr aufgeladen werden. Bitte denkt daran, dass wir auf dem Wasser unterwegs sind und eure Ger\u00e4te nicht versichert sind.<\/li>\n\n\n\n<li>Die durchschnittliche Verlustquote von Handys liegt bei ca. 10 Prozent, sodass mittlerweile auch einige Robben auch ein Handy besitzen d\u00fcrften. \ud83d\ude42<\/li>\n<\/ul>\n\n\n\n<p><\/p>\n\n\n\n<p><\/p>\n","protected":false},"excerpt":{"rendered":"<p>Hier bekommst du einen \u00dcberblick, was du auf die Exodus mitnehmen solltest. Du bekommst weitere Infos von deinem Skipper \/ deiner Skipperin vor der Freizeit. Maximal vier Gep\u00e4ckst\u00fccke mitbringen &#8211; Der Stauraum an Bord ist sehr begrenzt: Bitte stabile Taschen\/T\u00fcten\/Stoffbeutel zum Verpacken von \u00d6lzeug und Schlafsack verwenden. Das N\u00f6tigste im Gep\u00e4ck: \u25cf Warme Kleidung (auch [&hellip;]<\/p>\n","protected":false},"author":4,"featured_media":0,"parent":544,"menu_order":19,"comment_status":"closed","ping_status":"closed","template":"templates\/template-full-width.php","meta":{"ngg_post_thumbnail":0,"footnotes":""},"class_list":["post-261","page","type-page","status-publish","hentry"],"_links":{"self":[{"href":"https:\/\/effa-segeln.de\/index.php?rest_route=\/wp\/v2\/pages\/261","targetHints":{"allow":["GET"]}}],"collection":[{"href":"https:\/\/effa-segeln.de\/index.php?rest_route=\/wp\/v2\/pages"}],"about":[{"href":"https:\/\/effa-segeln.de\/index.php?rest_route=\/wp\/v2\/types\/page"}],"author":[{"embeddable":true,"href":"https:\/\/effa-segeln.de\/index.php?rest_route=\/wp\/v2\/users\/4"}],"replies":[{"embeddable":true,"href":"https:\/\/effa-segeln.de\/index.php?rest_route=%2Fwp%2Fv2%2Fcomments&post=261"}],"version-history":[{"count":6,"href":"https:\/\/effa-segeln.de\/index.php?rest_route=\/wp\/v2\/pages\/261\/revisions"}],"predecessor-version":[{"id":1516,"href":"https:\/\/effa-segeln.de\/index.php?rest_route=\/wp\/v2\/pages\/261\/revisions\/1516"}],"up":[{"embeddable":true,"href":"https:\/\/effa-segeln.de\/index.php?rest_route=\/wp\/v2\/pages\/544"}],"wp:attachment":[{"href":"https:\/\/effa-segeln.de\/index.php?rest_route=%2Fwp%2Fv2%2Fmedia&parent=261"}],"curies":[{"name":"wp","href":"https:\/\/api.w.org\/{rel}","templated":true}]}}