{"id":92,"date":"2021-12-19T12:49:08","date_gmt":"2021-12-19T11:49:08","guid":{"rendered":"https:\/\/neu.effa-segeln.de\/?page_id=92"},"modified":"2026-05-02T15:58:53","modified_gmt":"2026-05-02T13:58:53","slug":"startseite","status":"publish","type":"page","link":"https:\/\/effa-segeln.de\/","title":{"rendered":"Startseite"},"content":{"rendered":"\n<p>Die Exodus, das <strong>Traditionssegelschiff <\/strong>der Evangelischen Kirche in Kleve, bietet Jugendlichen unvergessliche Ferienfreizeiten.<\/p>\n\n\n\n<p>Die <a href=\"https:\/\/effa-segeln.de\/?page_id=544\" data-type=\"page\" data-id=\"544\">Freizeiten<\/a> f\u00fcr 2026 sind online! Jetzt anmelden!<\/p>\n\n\n\n<p><\/p>\n\n\n<ul class=\"wp-block-latest-posts__list wp-block-latest-posts\"><li><a class=\"wp-block-latest-posts__post-title\" href=\"https:\/\/effa-segeln.de\/?p=1751\">Ostert\u00f6rn I 2026<\/a><div class=\"wp-block-latest-posts__post-excerpt\">Der erste T\u00f6rn der Saison startete am Bootshaus der KSG in Kleve. Nach den letzten Vorbereitungen brachen wir in Richtung Rhein auf, um dann \u00fcber die Ijssel bis nach Zutphen zu fahren. Die Talfahrt verbrachte die Crew damit sich besser kennenzulernen und abwechselnd das Steuer zu \u00fcbernehmen. In\u2026\u00a0<a class=\"wp-block-latest-posts__read-more\" href=\"https:\/\/effa-segeln.de\/?p=1751\" rel=\"noopener noreferrer\"><span class=\"screen-reader-text\">Ostert\u00f6rn I 2026 <\/span>weiterlesen<\/a><\/div><\/li>\n<li><div class=\"wp-block-latest-posts__featured-image alignleft\"><a href=\"https:\/\/effa-segeln.de\/?p=1740\" aria-label=\"Der Winter ist vorbei und die Exodus zur\u00fcck im Wasser\"><img loading=\"lazy\" decoding=\"async\" width=\"150\" height=\"150\" src=\"https:\/\/effa-segeln.de\/wp-content\/uploads\/2026\/03\/P3220364-150x150-jpg.webp\" class=\"attachment-thumbnail size-thumbnail not-transparent wp-post-image\" alt=\"Exodus am Altrhein in Kleve mit vielen Menschen an Bord bei einer Ausfahrt\" style=\"--dominant-color: #a0aaae;\" data-has-transparency=\"false\" data-dominant-color=\"a0aaae\" \/><\/a><\/div><a class=\"wp-block-latest-posts__post-title\" href=\"https:\/\/effa-segeln.de\/?p=1740\">Der Winter ist vorbei und die Exodus zur\u00fcck im Wasser<\/a><div class=\"wp-block-latest-posts__post-excerpt\">Heute am Sonntag fand der j\u00e4hrliche Tag der offenen Luke statt. Am Steg der Klever Segelgemeinschaft in Brienen nutzten zahlreiche Besucher bei bestem Wetter die Gelegenheit die Exodus nach ihren Refit wieder im Wasser zu begr\u00fc\u00dfen. Im Winter wurden Lackschichten erneuert und Schadstellen im Holz ausgebessert. Au\u00dferdem gab\u2026\u00a0<a class=\"wp-block-latest-posts__read-more\" href=\"https:\/\/effa-segeln.de\/?p=1740\" rel=\"noopener noreferrer\"><span class=\"screen-reader-text\">Der Winter ist vorbei und die Exodus zur\u00fcck im Wasser <\/span>weiterlesen<\/a><\/div><\/li>\n<li><div class=\"wp-block-latest-posts__featured-image alignleft\"><a href=\"https:\/\/effa-segeln.de\/?p=1713\" aria-label=\"Tag der offenen Luke\"><img loading=\"lazy\" decoding=\"async\" width=\"150\" height=\"150\" src=\"https:\/\/effa-segeln.de\/wp-content\/uploads\/2024\/03\/Screenshot-2024-03-20-100800-1-150x150.webp\" class=\"attachment-thumbnail size-thumbnail not-transparent wp-post-image\" alt=\"\" style=\"--dominant-color: #767e8c;\" data-has-transparency=\"false\" data-dominant-color=\"767e8c\" \/><\/a><\/div><a class=\"wp-block-latest-posts__post-title\" href=\"https:\/\/effa-segeln.de\/?p=1713\">Tag der offenen Luke<\/a><div class=\"wp-block-latest-posts__post-excerpt\">Am 22.03.2025 ab 12 Uhr in Kleve an der Schleuse in Brienen. Die Tage werden wieder l\u00e4nger, die Reparatur- und Wartungsarbeiten an der EXODUS schreiten voran und so freuen wir uns schon auf den Saisonstart kurz vor Ostern! Zu diesem laden wir alle Interessierten herzlich ein, er bietet\u2026\u00a0<a class=\"wp-block-latest-posts__read-more\" href=\"https:\/\/effa-segeln.de\/?p=1713\" rel=\"noopener noreferrer\"><span class=\"screen-reader-text\">Tag der offenen Luke <\/span>weiterlesen<\/a><\/div><\/li>\n<\/ul>\n\n\n<h5 class=\"wp-block-heading\">Zusammenschnitt des Sommert\u00f6rns nach Bornholm 2025:<\/h5>\n\n\n\n<div class=\"youtube-consent\" data-video-id=\"dlqRRllI5MI\">\n<div class=\"youtube-thumbnail\"onclick=\"loadYoutube(this)\">\n<img decoding=\"async\" src=\"https:\/\/img.youtube.com\/vi\/dlqRRllI5MI\/hqdefault.jpg\" alt=\"YouTube Vorschau\">\n<div class=\"play-button\">\u25b6<\/div>\n<\/div>\n<p class=\"consent-text\">Zum Laden des Videos auf das Vorschaubild klicken. Damit akzeptieren Sie die Datenschutzerkl\u00e4rung von YouTube.<\/p>\n<\/div>\n\n\n\n<p><script>\nfunction loadYoutube(element) {\n  const container = element.closest('.youtube-consent');\n  const videoId = container.getAttribute('data-video-id');\n\n  container.innerHTML = `\n    <iframe loading=\"lazy\" width=\"560\" height=\"315\"\n      src=\"https:\/\/www.youtube-nocookie.com\/embed\/dlqRRllI5MI?autoplay=1\"\n      frameborder=\"0\"\n      allowfullscreen>\n    <\/iframe>`;\n}\n<\/script><\/p>\n\n\n\n<h3 class=\"wp-block-heading\">Eindr\u00fccke aus unserer Arbeit<\/h3>\n\n\n\n<div class=\"wp-block-group\"><div class=\"wp-block-group__inner-container is-layout-constrained wp-block-group-is-layout-constrained\">\n<div class=\"wp-block-glsb-gosign-gallery-box-block gosign-gallery-box-block-container\"><div class=\"gosign-gallery-box-block\" data-slick=\"{&quot;slidesToShow&quot;:1,&quot;slidesToScroll&quot;:1,&quot;arrows&quot;:true,&quot;dots&quot;:false,&quot;speed&quot;:500,&quot;infinite&quot;:true,&quot;autoplay&quot;:true,&quot;autoplaySpeed&quot;:2000}\"><div class=\"gallery-box-item\"><img data-dominant-color=\"786964\" data-has-transparency=\"false\" style=\"--dominant-color: #786964;\" loading=\"lazy\" decoding=\"async\" width=\"1024\" height=\"576\" src=\"https:\/\/effa-segeln.de\/wp-content\/uploads\/2023\/10\/IMG_20211015_175000-edited.webp\" alt=\"\" data-id=\"651\" data-link=\"https:\/\/effa-segeln.de\/?attachment_id=651\" class=\"wp-image-651 not-transparent\" srcset=\"https:\/\/effa-segeln.de\/wp-content\/uploads\/2023\/10\/IMG_20211015_175000-edited.webp 1024w, https:\/\/effa-segeln.de\/wp-content\/uploads\/2023\/10\/IMG_20211015_175000-edited-300x169.webp 300w, https:\/\/effa-segeln.de\/wp-content\/uploads\/2023\/10\/IMG_20211015_175000-edited-768x432.webp 768w\" sizes=\"auto, (max-width: 1024px) 100vw, 1024px\" \/><\/div><div class=\"gallery-box-item\"><img loading=\"lazy\" decoding=\"async\" width=\"768\" height=\"1024\" src=\"https:\/\/effa-segeln.de\/wp-content\/uploads\/2023\/03\/Seele-baumeln-lassen-768x1024.jpg\" alt=\"\" data-id=\"445\" data-link=\"https:\/\/effa-segeln.de\/?attachment_id=445\" class=\"wp-image-445\" srcset=\"https:\/\/effa-segeln.de\/wp-content\/uploads\/2023\/03\/Seele-baumeln-lassen-768x1024.jpg 768w, https:\/\/effa-segeln.de\/wp-content\/uploads\/2023\/03\/Seele-baumeln-lassen-225x300.jpg 225w, https:\/\/effa-segeln.de\/wp-content\/uploads\/2023\/03\/Seele-baumeln-lassen.jpg 1000w\" sizes=\"auto, (max-width: 768px) 100vw, 768px\" \/><\/div><div class=\"gallery-box-item\"><img loading=\"lazy\" decoding=\"async\" width=\"1080\" height=\"1080\" src=\"https:\/\/effa-segeln.de\/wp-content\/uploads\/2024\/10\/IMG_7383_quadratisch-1080x1080.jpg\" alt=\"Der Effa-Stander und die Regenbogenflagge wehen im Wind\" data-id=\"1042\" data-link=\"https:\/\/effa-segeln.de\/?attachment_id=1042\" class=\"wp-image-1042\" srcset=\"https:\/\/effa-segeln.de\/wp-content\/uploads\/2024\/10\/IMG_7383_quadratisch-1080x1080.jpg 1080w, https:\/\/effa-segeln.de\/wp-content\/uploads\/2024\/10\/IMG_7383_quadratisch-300x300.jpg 300w, https:\/\/effa-segeln.de\/wp-content\/uploads\/2024\/10\/IMG_7383_quadratisch-150x150.jpg 150w, https:\/\/effa-segeln.de\/wp-content\/uploads\/2024\/10\/IMG_7383_quadratisch-768x768.jpg 768w, https:\/\/effa-segeln.de\/wp-content\/uploads\/2024\/10\/IMG_7383_quadratisch-1536x1536.jpg 1536w, https:\/\/effa-segeln.de\/wp-content\/uploads\/2024\/10\/IMG_7383_quadratisch-2048x2048.jpg 2048w, https:\/\/effa-segeln.de\/wp-content\/uploads\/2024\/10\/IMG_7383_quadratisch-1200x1200.jpg 1200w, https:\/\/effa-segeln.de\/wp-content\/uploads\/2024\/10\/IMG_7383_quadratisch-1980x1980.jpg 1980w\" sizes=\"auto, (max-width: 1080px) 100vw, 1080px\" \/><\/div><div class=\"gallery-box-item\"><img loading=\"lazy\" decoding=\"async\" width=\"1024\" height=\"683\" src=\"https:\/\/effa-segeln.de\/wp-content\/uploads\/2021\/12\/DSC06168.jpg\" alt=\"\" data-id=\"127\" data-link=\"https:\/\/effa-segeln.de\/?attachment_id=127\" class=\"wp-image-127\" srcset=\"https:\/\/effa-segeln.de\/wp-content\/uploads\/2021\/12\/DSC06168.jpg 1024w, https:\/\/effa-segeln.de\/wp-content\/uploads\/2021\/12\/DSC06168-300x200.jpg 300w, https:\/\/effa-segeln.de\/wp-content\/uploads\/2021\/12\/DSC06168-768x512.jpg 768w\" sizes=\"auto, (max-width: 1024px) 100vw, 1024px\" \/><\/div><div class=\"gallery-box-item\"><img loading=\"lazy\" decoding=\"async\" width=\"1024\" height=\"685\" src=\"https:\/\/effa-segeln.de\/wp-content\/uploads\/2021\/12\/DSC_4852.jpg\" alt=\"\" data-id=\"172\" data-link=\"https:\/\/effa-segeln.de\/?attachment_id=172\" class=\"wp-image-172\" srcset=\"https:\/\/effa-segeln.de\/wp-content\/uploads\/2021\/12\/DSC_4852.jpg 1024w, https:\/\/effa-segeln.de\/wp-content\/uploads\/2021\/12\/DSC_4852-300x201.jpg 300w, https:\/\/effa-segeln.de\/wp-content\/uploads\/2021\/12\/DSC_4852-768x514.jpg 768w\" sizes=\"auto, (max-width: 1024px) 100vw, 1024px\" \/><\/div><div class=\"gallery-box-item\"><img loading=\"lazy\" decoding=\"async\" width=\"1918\" height=\"1080\" src=\"https:\/\/effa-segeln.de\/wp-content\/uploads\/2024\/09\/signal-2024-09-29-001638_002-1918x1080.jpeg\" alt=\"\" data-id=\"1011\" data-link=\"https:\/\/effa-segeln.de\/?attachment_id=1011\" class=\"wp-image-1011\" srcset=\"https:\/\/effa-segeln.de\/wp-content\/uploads\/2024\/09\/signal-2024-09-29-001638_002-1918x1080.jpeg 1918w, https:\/\/effa-segeln.de\/wp-content\/uploads\/2024\/09\/signal-2024-09-29-001638_002-300x169.jpeg 300w, https:\/\/effa-segeln.de\/wp-content\/uploads\/2024\/09\/signal-2024-09-29-001638_002-768x432.jpeg 768w, https:\/\/effa-segeln.de\/wp-content\/uploads\/2024\/09\/signal-2024-09-29-001638_002-1536x865.jpeg 1536w, https:\/\/effa-segeln.de\/wp-content\/uploads\/2024\/09\/signal-2024-09-29-001638_002-1200x676.jpeg 1200w, https:\/\/effa-segeln.de\/wp-content\/uploads\/2024\/09\/signal-2024-09-29-001638_002-1980x1115.jpeg 1980w, https:\/\/effa-segeln.de\/wp-content\/uploads\/2024\/09\/signal-2024-09-29-001638_002.jpeg 2048w\" sizes=\"auto, (max-width: 1918px) 100vw, 1918px\" \/><\/div><div class=\"gallery-box-item\"><img loading=\"lazy\" decoding=\"async\" width=\"1080\" height=\"1080\" src=\"https:\/\/effa-segeln.de\/wp-content\/uploads\/2024\/09\/Screenshot_2024-03-31-20-44-52-54_92460851df6f172a4592fca41cc2d2e6-1.jpg\" alt=\"\" data-id=\"1014\" data-link=\"https:\/\/effa-segeln.de\/?attachment_id=1014\" class=\"wp-image-1014\" srcset=\"https:\/\/effa-segeln.de\/wp-content\/uploads\/2024\/09\/Screenshot_2024-03-31-20-44-52-54_92460851df6f172a4592fca41cc2d2e6-1.jpg 1080w, https:\/\/effa-segeln.de\/wp-content\/uploads\/2024\/09\/Screenshot_2024-03-31-20-44-52-54_92460851df6f172a4592fca41cc2d2e6-1-300x300.jpg 300w, https:\/\/effa-segeln.de\/wp-content\/uploads\/2024\/09\/Screenshot_2024-03-31-20-44-52-54_92460851df6f172a4592fca41cc2d2e6-1-150x150.jpg 150w, https:\/\/effa-segeln.de\/wp-content\/uploads\/2024\/09\/Screenshot_2024-03-31-20-44-52-54_92460851df6f172a4592fca41cc2d2e6-1-768x768.jpg 768w\" sizes=\"auto, (max-width: 1080px) 100vw, 1080px\" \/><\/div><\/div><div class=\"gosign-gallery-box-thumbnail\" data-slick=\"{&quot;slidesToShow&quot;:3,&quot;slidesToScroll&quot;:1,&quot;arrows&quot;:true,&quot;dots&quot;:false,&quot;infinite&quot;:true,&quot;autoplay&quot;:true,&quot;autoplaySpeed&quot;:2000,&quot;asNavFor&quot;:&quot;.gosign-gallery-box-block&quot;,&quot;focusOnSelect&quot;:true,&quot;variableWidth&quot;:true}\"><div class=\"gallery-thumbnail-item\"><img data-dominant-color=\"786964\" data-has-transparency=\"false\" style=\"--dominant-color: #786964;\" loading=\"lazy\" decoding=\"async\" width=\"1024\" height=\"576\" src=\"https:\/\/effa-segeln.de\/wp-content\/uploads\/2023\/10\/IMG_20211015_175000-edited.webp\" alt=\"\" data-id=\"651\" data-link=\"https:\/\/effa-segeln.de\/?attachment_id=651\" class=\"wp-image-651 not-transparent\" srcset=\"https:\/\/effa-segeln.de\/wp-content\/uploads\/2023\/10\/IMG_20211015_175000-edited.webp 1024w, https:\/\/effa-segeln.de\/wp-content\/uploads\/2023\/10\/IMG_20211015_175000-edited-300x169.webp 300w, https:\/\/effa-segeln.de\/wp-content\/uploads\/2023\/10\/IMG_20211015_175000-edited-768x432.webp 768w\" sizes=\"auto, (max-width: 1024px) 100vw, 1024px\" \/><\/div><div class=\"gallery-thumbnail-item\"><img loading=\"lazy\" decoding=\"async\" width=\"768\" height=\"1024\" src=\"https:\/\/effa-segeln.de\/wp-content\/uploads\/2023\/03\/Seele-baumeln-lassen-768x1024.jpg\" alt=\"\" data-id=\"445\" data-link=\"https:\/\/effa-segeln.de\/?attachment_id=445\" class=\"wp-image-445\" srcset=\"https:\/\/effa-segeln.de\/wp-content\/uploads\/2023\/03\/Seele-baumeln-lassen-768x1024.jpg 768w, https:\/\/effa-segeln.de\/wp-content\/uploads\/2023\/03\/Seele-baumeln-lassen-225x300.jpg 225w, https:\/\/effa-segeln.de\/wp-content\/uploads\/2023\/03\/Seele-baumeln-lassen.jpg 1000w\" sizes=\"auto, (max-width: 768px) 100vw, 768px\" \/><\/div><div class=\"gallery-thumbnail-item\"><img loading=\"lazy\" decoding=\"async\" width=\"1080\" height=\"1080\" src=\"https:\/\/effa-segeln.de\/wp-content\/uploads\/2024\/10\/IMG_7383_quadratisch-1080x1080.jpg\" alt=\"Der Effa-Stander und die Regenbogenflagge wehen im Wind\" data-id=\"1042\" data-link=\"https:\/\/effa-segeln.de\/?attachment_id=1042\" class=\"wp-image-1042\" srcset=\"https:\/\/effa-segeln.de\/wp-content\/uploads\/2024\/10\/IMG_7383_quadratisch-1080x1080.jpg 1080w, https:\/\/effa-segeln.de\/wp-content\/uploads\/2024\/10\/IMG_7383_quadratisch-300x300.jpg 300w, https:\/\/effa-segeln.de\/wp-content\/uploads\/2024\/10\/IMG_7383_quadratisch-150x150.jpg 150w, https:\/\/effa-segeln.de\/wp-content\/uploads\/2024\/10\/IMG_7383_quadratisch-768x768.jpg 768w, https:\/\/effa-segeln.de\/wp-content\/uploads\/2024\/10\/IMG_7383_quadratisch-1536x1536.jpg 1536w, https:\/\/effa-segeln.de\/wp-content\/uploads\/2024\/10\/IMG_7383_quadratisch-2048x2048.jpg 2048w, https:\/\/effa-segeln.de\/wp-content\/uploads\/2024\/10\/IMG_7383_quadratisch-1200x1200.jpg 1200w, https:\/\/effa-segeln.de\/wp-content\/uploads\/2024\/10\/IMG_7383_quadratisch-1980x1980.jpg 1980w\" sizes=\"auto, (max-width: 1080px) 100vw, 1080px\" \/><\/div><div class=\"gallery-thumbnail-item\"><img loading=\"lazy\" decoding=\"async\" width=\"1024\" height=\"683\" src=\"https:\/\/effa-segeln.de\/wp-content\/uploads\/2021\/12\/DSC06168.jpg\" alt=\"\" data-id=\"127\" data-link=\"https:\/\/effa-segeln.de\/?attachment_id=127\" class=\"wp-image-127\" srcset=\"https:\/\/effa-segeln.de\/wp-content\/uploads\/2021\/12\/DSC06168.jpg 1024w, https:\/\/effa-segeln.de\/wp-content\/uploads\/2021\/12\/DSC06168-300x200.jpg 300w, https:\/\/effa-segeln.de\/wp-content\/uploads\/2021\/12\/DSC06168-768x512.jpg 768w\" sizes=\"auto, (max-width: 1024px) 100vw, 1024px\" \/><\/div><div class=\"gallery-thumbnail-item\"><img loading=\"lazy\" decoding=\"async\" width=\"1024\" height=\"685\" src=\"https:\/\/effa-segeln.de\/wp-content\/uploads\/2021\/12\/DSC_4852.jpg\" alt=\"\" data-id=\"172\" data-link=\"https:\/\/effa-segeln.de\/?attachment_id=172\" class=\"wp-image-172\" srcset=\"https:\/\/effa-segeln.de\/wp-content\/uploads\/2021\/12\/DSC_4852.jpg 1024w, https:\/\/effa-segeln.de\/wp-content\/uploads\/2021\/12\/DSC_4852-300x201.jpg 300w, https:\/\/effa-segeln.de\/wp-content\/uploads\/2021\/12\/DSC_4852-768x514.jpg 768w\" sizes=\"auto, (max-width: 1024px) 100vw, 1024px\" \/><\/div><div class=\"gallery-thumbnail-item\"><img loading=\"lazy\" decoding=\"async\" width=\"1918\" height=\"1080\" src=\"https:\/\/effa-segeln.de\/wp-content\/uploads\/2024\/09\/signal-2024-09-29-001638_002-1918x1080.jpeg\" alt=\"\" data-id=\"1011\" data-link=\"https:\/\/effa-segeln.de\/?attachment_id=1011\" class=\"wp-image-1011\" srcset=\"https:\/\/effa-segeln.de\/wp-content\/uploads\/2024\/09\/signal-2024-09-29-001638_002-1918x1080.jpeg 1918w, https:\/\/effa-segeln.de\/wp-content\/uploads\/2024\/09\/signal-2024-09-29-001638_002-300x169.jpeg 300w, https:\/\/effa-segeln.de\/wp-content\/uploads\/2024\/09\/signal-2024-09-29-001638_002-768x432.jpeg 768w, https:\/\/effa-segeln.de\/wp-content\/uploads\/2024\/09\/signal-2024-09-29-001638_002-1536x865.jpeg 1536w, https:\/\/effa-segeln.de\/wp-content\/uploads\/2024\/09\/signal-2024-09-29-001638_002-1200x676.jpeg 1200w, https:\/\/effa-segeln.de\/wp-content\/uploads\/2024\/09\/signal-2024-09-29-001638_002-1980x1115.jpeg 1980w, https:\/\/effa-segeln.de\/wp-content\/uploads\/2024\/09\/signal-2024-09-29-001638_002.jpeg 2048w\" sizes=\"auto, (max-width: 1918px) 100vw, 1918px\" \/><\/div><div class=\"gallery-thumbnail-item\"><img loading=\"lazy\" decoding=\"async\" width=\"1080\" height=\"1080\" src=\"https:\/\/effa-segeln.de\/wp-content\/uploads\/2024\/09\/Screenshot_2024-03-31-20-44-52-54_92460851df6f172a4592fca41cc2d2e6-1.jpg\" alt=\"\" data-id=\"1014\" data-link=\"https:\/\/effa-segeln.de\/?attachment_id=1014\" class=\"wp-image-1014\" srcset=\"https:\/\/effa-segeln.de\/wp-content\/uploads\/2024\/09\/Screenshot_2024-03-31-20-44-52-54_92460851df6f172a4592fca41cc2d2e6-1.jpg 1080w, https:\/\/effa-segeln.de\/wp-content\/uploads\/2024\/09\/Screenshot_2024-03-31-20-44-52-54_92460851df6f172a4592fca41cc2d2e6-1-300x300.jpg 300w, https:\/\/effa-segeln.de\/wp-content\/uploads\/2024\/09\/Screenshot_2024-03-31-20-44-52-54_92460851df6f172a4592fca41cc2d2e6-1-150x150.jpg 150w, https:\/\/effa-segeln.de\/wp-content\/uploads\/2024\/09\/Screenshot_2024-03-31-20-44-52-54_92460851df6f172a4592fca41cc2d2e6-1-768x768.jpg 768w\" sizes=\"auto, (max-width: 1080px) 100vw, 1080px\" \/><\/div><\/div><\/div>\n<\/div><\/div>\n","protected":false},"excerpt":{"rendered":"<p>Die Exodus, das Traditionssegelschiff der Evangelischen Kirche in Kleve, bietet Jugendlichen unvergessliche Ferienfreizeiten. Die Freizeiten f\u00fcr 2026 sind online! Jetzt anmelden! Zusammenschnitt des Sommert\u00f6rns nach Bornholm 2025: \u25b6 Zum Laden des Videos auf das Vorschaubild klicken. Damit akzeptieren Sie die Datenschutzerkl\u00e4rung von YouTube. Eindr\u00fccke aus unserer Arbeit<\/p>\n","protected":false},"author":1,"featured_media":0,"parent":0,"menu_order":12,"comment_status":"closed","ping_status":"closed","template":"","meta":{"ngg_post_thumbnail":0,"footnotes":""},"class_list":["post-92","page","type-page","status-publish","hentry"],"_links":{"self":[{"href":"https:\/\/effa-segeln.de\/index.php?rest_route=\/wp\/v2\/pages\/92","targetHints":{"allow":["GET"]}}],"collection":[{"href":"https:\/\/effa-segeln.de\/index.php?rest_route=\/wp\/v2\/pages"}],"about":[{"href":"https:\/\/effa-segeln.de\/index.php?rest_route=\/wp\/v2\/types\/page"}],"author":[{"embeddable":true,"href":"https:\/\/effa-segeln.de\/index.php?rest_route=\/wp\/v2\/users\/1"}],"replies":[{"embeddable":true,"href":"https:\/\/effa-segeln.de\/index.php?rest_route=%2Fwp%2Fv2%2Fcomments&post=92"}],"version-history":[{"count":133,"href":"https:\/\/effa-segeln.de\/index.php?rest_route=\/wp\/v2\/pages\/92\/revisions"}],"predecessor-version":[{"id":1807,"href":"https:\/\/effa-segeln.de\/index.php?rest_route=\/wp\/v2\/pages\/92\/revisions\/1807"}],"wp:attachment":[{"href":"https:\/\/effa-segeln.de\/index.php?rest_route=%2Fwp%2Fv2%2Fmedia&parent=92"}],"curies":[{"name":"wp","href":"https:\/\/api.w.org\/{rel}","templated":true}]}}